{"id":10,"date":"2022-11-08T15:53:28","date_gmt":"2022-11-08T14:53:28","guid":{"rendered":"https:\/\/www.terra.fr\/?page_id=10"},"modified":"2024-12-11T15:23:56","modified_gmt":"2024-12-11T14:23:56","slug":"terra-geometres-experts","status":"publish","type":"page","link":"https:\/\/www.terra.fr\/","title":{"rendered":"Accueil"},"content":{"rendered":"\t\t<div data-elementor-type=\"wp-page\" data-elementor-id=\"10\" class=\"elementor elementor-10\" data-elementor-post-type=\"page\">\n\t\t\t\t\t\t<section class=\"elementor-section elementor-top-section elementor-element elementor-element-82b99cd elementor-section-boxed elementor-section-height-default elementor-section-height-default\" data-id=\"82b99cd\" data-element_type=\"section\">\n\t\t\t\t\t\t<div class=\"elementor-container elementor-column-gap-default\">\n\t\t\t\t\t<div class=\"elementor-column elementor-col-100 elementor-top-column elementor-element elementor-element-ea47be5\" data-id=\"ea47be5\" data-element_type=\"column\">\n\t\t\t<div class=\"elementor-widget-wrap elementor-element-populated\">\n\t\t\t\t\t\t<div class=\"elementor-element elementor-element-d22e25a elementor-widget elementor-widget-heading\" data-id=\"d22e25a\" data-element_type=\"widget\" data-widget_type=\"heading.default\">\n\t\t\t\t<div class=\"elementor-widget-container\">\n\t\t\t<h2 class=\"elementor-heading-title elementor-size-default\">TERRA G\u00e9om\u00e8tres Experts<\/h2>\t\t<\/div>\n\t\t\t\t<\/div>\n\t\t\t\t\t<\/div>\n\t\t<\/div>\n\t\t\t\t\t<\/div>\n\t\t<\/section>\n\t\t\t\t<section class=\"elementor-section elementor-top-section elementor-element elementor-element-9d366fc elementor-section-boxed elementor-section-height-default elementor-section-height-default\" data-id=\"9d366fc\" data-element_type=\"section\">\n\t\t\t\t\t\t<div class=\"elementor-container elementor-column-gap-default\">\n\t\t\t\t\t<div class=\"elementor-column elementor-col-33 elementor-top-column elementor-element elementor-element-6749968\" data-id=\"6749968\" data-element_type=\"column\">\n\t\t\t<div class=\"elementor-widget-wrap elementor-element-populated\">\n\t\t\t\t\t\t<div class=\"elementor-element elementor-element-d705c50 elementor-widget elementor-widget-image\" data-id=\"d705c50\" data-element_type=\"widget\" data-widget_type=\"image.default\">\n\t\t\t\t<div class=\"elementor-widget-container\">\n\t\t\t\t\t\t\t\t\t\t\t\t\t\t<a href=\"#elementor-action%3Aaction%3Dpopup%3Aopen%26settings%3DeyJpZCI6IjQ3MSIsInRvZ2dsZSI6ZmFsc2V9\">\n\t\t\t\t\t\t\t<img fetchpriority=\"high\" decoding=\"async\" width=\"768\" height=\"1024\" src=\"https:\/\/www.terra.fr\/wp-content\/uploads\/2023\/12\/Division-Bornage-1-768x1024.jpg\" class=\"elementor-animation-grow attachment-large size-large wp-image-621\" alt=\"\" srcset=\"https:\/\/www.terra.fr\/wp-content\/uploads\/2023\/12\/Division-Bornage-1-768x1024.jpg 768w, https:\/\/www.terra.fr\/wp-content\/uploads\/2023\/12\/Division-Bornage-1-225x300.jpg 225w, https:\/\/www.terra.fr\/wp-content\/uploads\/2023\/12\/Division-Bornage-1.jpg 1024w\" sizes=\"(max-width: 768px) 100vw, 768px\" \/>\t\t\t\t\t\t\t\t<\/a>\n\t\t\t\t\t\t\t\t\t\t\t\t\t<\/div>\n\t\t\t\t<\/div>\n\t\t\t\t\t<\/div>\n\t\t<\/div>\n\t\t\t\t<div class=\"elementor-column elementor-col-33 elementor-top-column elementor-element elementor-element-65e397a\" data-id=\"65e397a\" data-element_type=\"column\">\n\t\t\t<div class=\"elementor-widget-wrap elementor-element-populated\">\n\t\t\t\t\t\t<div class=\"elementor-element elementor-element-9ef7df7 elementor-widget elementor-widget-image\" data-id=\"9ef7df7\" data-element_type=\"widget\" data-widget_type=\"image.default\">\n\t\t\t\t<div class=\"elementor-widget-container\">\n\t\t\t\t\t\t\t\t\t\t\t\t\t\t<a href=\"#elementor-action%3Aaction%3Dpopup%3Aopen%26settings%3DeyJpZCI6IjY4MiIsInRvZ2dsZSI6ZmFsc2V9\">\n\t\t\t\t\t\t\t<img decoding=\"async\" width=\"800\" height=\"600\" src=\"https:\/\/www.terra.fr\/wp-content\/uploads\/2023\/12\/Conseil-aux-collectivites-1.jpg\" class=\"elementor-animation-grow attachment-large size-large wp-image-624\" alt=\"\" srcset=\"https:\/\/www.terra.fr\/wp-content\/uploads\/2023\/12\/Conseil-aux-collectivites-1.jpg 1024w, https:\/\/www.terra.fr\/wp-content\/uploads\/2023\/12\/Conseil-aux-collectivites-1-300x225.jpg 300w, https:\/\/www.terra.fr\/wp-content\/uploads\/2023\/12\/Conseil-aux-collectivites-1-768x576.jpg 768w\" sizes=\"(max-width: 800px) 100vw, 800px\" \/>\t\t\t\t\t\t\t\t<\/a>\n\t\t\t\t\t\t\t\t\t\t\t\t\t<\/div>\n\t\t\t\t<\/div>\n\t\t\t\t\t<\/div>\n\t\t<\/div>\n\t\t\t\t<div class=\"elementor-column elementor-col-33 elementor-top-column elementor-element elementor-element-d49b60c\" data-id=\"d49b60c\" data-element_type=\"column\">\n\t\t\t<div class=\"elementor-widget-wrap elementor-element-populated\">\n\t\t\t\t\t\t<div class=\"elementor-element elementor-element-35c8cb7 elementor-widget elementor-widget-image\" data-id=\"35c8cb7\" data-element_type=\"widget\" data-widget_type=\"image.default\">\n\t\t\t\t<div class=\"elementor-widget-container\">\n\t\t\t\t\t\t\t\t\t\t\t\t\t\t<a href=\"#elementor-action%3Aaction%3Dpopup%3Aopen%26settings%3DeyJpZCI6IjY2MSIsInRvZ2dsZSI6ZmFsc2V9\">\n\t\t\t\t\t\t\t<img decoding=\"async\" width=\"800\" height=\"600\" src=\"https:\/\/www.terra.fr\/wp-content\/uploads\/2023\/12\/Maitrise-dOeuvre-1.jpg\" class=\"elementor-animation-grow attachment-large size-large wp-image-616\" alt=\"\" srcset=\"https:\/\/www.terra.fr\/wp-content\/uploads\/2023\/12\/Maitrise-dOeuvre-1.jpg 1024w, https:\/\/www.terra.fr\/wp-content\/uploads\/2023\/12\/Maitrise-dOeuvre-1-300x225.jpg 300w, https:\/\/www.terra.fr\/wp-content\/uploads\/2023\/12\/Maitrise-dOeuvre-1-768x576.jpg 768w\" sizes=\"(max-width: 800px) 100vw, 800px\" \/>\t\t\t\t\t\t\t\t<\/a>\n\t\t\t\t\t\t\t\t\t\t\t\t\t<\/div>\n\t\t\t\t<\/div>\n\t\t\t\t\t<\/div>\n\t\t<\/div>\n\t\t\t\t\t<\/div>\n\t\t<\/section>\n\t\t\t\t<section class=\"elementor-section elementor-top-section elementor-element elementor-element-43aab77 elementor-section-boxed elementor-section-height-default elementor-section-height-default\" data-id=\"43aab77\" data-element_type=\"section\">\n\t\t\t\t\t\t<div class=\"elementor-container elementor-column-gap-default\">\n\t\t\t\t\t<div class=\"elementor-column elementor-col-50 elementor-top-column elementor-element elementor-element-77a36c0\" data-id=\"77a36c0\" data-element_type=\"column\">\n\t\t\t<div class=\"elementor-widget-wrap elementor-element-populated\">\n\t\t\t\t\t\t<div class=\"elementor-element elementor-element-0b737ba elementor-widget elementor-widget-image\" data-id=\"0b737ba\" data-element_type=\"widget\" data-widget_type=\"image.default\">\n\t\t\t\t<div class=\"elementor-widget-container\">\n\t\t\t\t\t\t\t\t\t\t\t\t\t\t<a href=\"#elementor-action%3Aaction%3Dpopup%3Aopen%26settings%3DeyJpZCI6IjY3NiIsInRvZ2dsZSI6ZmFsc2V9\">\n\t\t\t\t\t\t\t<img loading=\"lazy\" decoding=\"async\" width=\"768\" height=\"1024\" src=\"https:\/\/www.terra.fr\/wp-content\/uploads\/2023\/12\/Copropriete-Immobilier-1-768x1024.jpg\" class=\"elementor-animation-grow attachment-large size-large wp-image-620\" alt=\"\" srcset=\"https:\/\/www.terra.fr\/wp-content\/uploads\/2023\/12\/Copropriete-Immobilier-1-768x1024.jpg 768w, https:\/\/www.terra.fr\/wp-content\/uploads\/2023\/12\/Copropriete-Immobilier-1-225x300.jpg 225w, https:\/\/www.terra.fr\/wp-content\/uploads\/2023\/12\/Copropriete-Immobilier-1.jpg 1024w\" sizes=\"(max-width: 768px) 100vw, 768px\" \/>\t\t\t\t\t\t\t\t<\/a>\n\t\t\t\t\t\t\t\t\t\t\t\t\t<\/div>\n\t\t\t\t<\/div>\n\t\t\t\t\t<\/div>\n\t\t<\/div>\n\t\t\t\t<div class=\"elementor-column elementor-col-50 elementor-top-column elementor-element elementor-element-df62fae\" data-id=\"df62fae\" data-element_type=\"column\">\n\t\t\t<div class=\"elementor-widget-wrap elementor-element-populated\">\n\t\t\t\t\t\t<div class=\"elementor-element elementor-element-cd0cb8d elementor-widget elementor-widget-image\" data-id=\"cd0cb8d\" data-element_type=\"widget\" data-widget_type=\"image.default\">\n\t\t\t\t<div class=\"elementor-widget-container\">\n\t\t\t\t\t\t\t\t\t\t\t\t\t\t<a href=\"#elementor-action%3Aaction%3Dpopup%3Aopen%26settings%3DeyJpZCI6IjQ2MSIsInRvZ2dsZSI6ZmFsc2V9\">\n\t\t\t\t\t\t\t<img loading=\"lazy\" decoding=\"async\" width=\"2132\" height=\"1080\" src=\"https:\/\/www.terra.fr\/wp-content\/uploads\/2023\/12\/3D-Maquettes-numeriques-1.jpg\" class=\"elementor-animation-grow attachment-full size-full wp-image-619\" alt=\"\" srcset=\"https:\/\/www.terra.fr\/wp-content\/uploads\/2023\/12\/3D-Maquettes-numeriques-1.jpg 2132w, https:\/\/www.terra.fr\/wp-content\/uploads\/2023\/12\/3D-Maquettes-numeriques-1-300x152.jpg 300w, https:\/\/www.terra.fr\/wp-content\/uploads\/2023\/12\/3D-Maquettes-numeriques-1-1024x519.jpg 1024w, https:\/\/www.terra.fr\/wp-content\/uploads\/2023\/12\/3D-Maquettes-numeriques-1-768x389.jpg 768w, https:\/\/www.terra.fr\/wp-content\/uploads\/2023\/12\/3D-Maquettes-numeriques-1-1536x778.jpg 1536w, https:\/\/www.terra.fr\/wp-content\/uploads\/2023\/12\/3D-Maquettes-numeriques-1-2048x1037.jpg 2048w\" sizes=\"(max-width: 2132px) 100vw, 2132px\" \/>\t\t\t\t\t\t\t\t<\/a>\n\t\t\t\t\t\t\t\t\t\t\t\t\t<\/div>\n\t\t\t\t<\/div>\n\t\t\t\t\t<\/div>\n\t\t<\/div>\n\t\t\t\t\t<\/div>\n\t\t<\/section>\n\t\t\t\t<section class=\"elementor-section elementor-top-section elementor-element elementor-element-8ff1648 elementor-section-boxed elementor-section-height-default elementor-section-height-default\" data-id=\"8ff1648\" data-element_type=\"section\">\n\t\t\t\t\t\t<div class=\"elementor-container elementor-column-gap-default\">\n\t\t\t\t\t<div class=\"elementor-column elementor-col-33 elementor-top-column elementor-element elementor-element-4734566\" data-id=\"4734566\" data-element_type=\"column\">\n\t\t\t<div class=\"elementor-widget-wrap elementor-element-populated\">\n\t\t\t\t\t\t<div class=\"elementor-element elementor-element-d7ef1f6 elementor-widget elementor-widget-image\" data-id=\"d7ef1f6\" data-element_type=\"widget\" data-widget_type=\"image.default\">\n\t\t\t\t<div class=\"elementor-widget-container\">\n\t\t\t\t\t\t\t\t\t\t\t\t\t\t<a href=\"#elementor-action%3Aaction%3Dpopup%3Aopen%26settings%3DeyJpZCI6IjY2NiIsInRvZ2dsZSI6ZmFsc2V9\">\n\t\t\t\t\t\t\t<img loading=\"lazy\" decoding=\"async\" width=\"1137\" height=\"768\" src=\"https:\/\/www.terra.fr\/wp-content\/uploads\/2023\/12\/Lotissement-1.jpg\" class=\"elementor-animation-grow attachment-full size-full wp-image-615\" alt=\"\" srcset=\"https:\/\/www.terra.fr\/wp-content\/uploads\/2023\/12\/Lotissement-1.jpg 1137w, https:\/\/www.terra.fr\/wp-content\/uploads\/2023\/12\/Lotissement-1-300x203.jpg 300w, https:\/\/www.terra.fr\/wp-content\/uploads\/2023\/12\/Lotissement-1-1024x692.jpg 1024w, https:\/\/www.terra.fr\/wp-content\/uploads\/2023\/12\/Lotissement-1-768x519.jpg 768w\" sizes=\"(max-width: 1137px) 100vw, 1137px\" \/>\t\t\t\t\t\t\t\t<\/a>\n\t\t\t\t\t\t\t\t\t\t\t\t\t<\/div>\n\t\t\t\t<\/div>\n\t\t\t\t\t<\/div>\n\t\t<\/div>\n\t\t\t\t<div class=\"elementor-column elementor-col-33 elementor-top-column elementor-element elementor-element-85e1d5c\" data-id=\"85e1d5c\" data-element_type=\"column\">\n\t\t\t<div class=\"elementor-widget-wrap elementor-element-populated\">\n\t\t\t\t\t\t<div class=\"elementor-element elementor-element-5f73cec elementor-widget elementor-widget-image\" data-id=\"5f73cec\" data-element_type=\"widget\" data-widget_type=\"image.default\">\n\t\t\t\t<div class=\"elementor-widget-container\">\n\t\t\t\t\t\t\t\t\t\t\t\t\t\t<a href=\"#elementor-action%3Aaction%3Dpopup%3Aopen%26settings%3DeyJpZCI6IjY3MCIsInRvZ2dsZSI6ZmFsc2V9\">\n\t\t\t\t\t\t\t<img loading=\"lazy\" decoding=\"async\" width=\"800\" height=\"700\" src=\"https:\/\/www.terra.fr\/wp-content\/uploads\/2023\/12\/Nos-archives-1.jpg\" class=\"elementor-animation-grow attachment-large size-large wp-image-623\" alt=\"\" srcset=\"https:\/\/www.terra.fr\/wp-content\/uploads\/2023\/12\/Nos-archives-1.jpg 1024w, https:\/\/www.terra.fr\/wp-content\/uploads\/2023\/12\/Nos-archives-1-300x263.jpg 300w, https:\/\/www.terra.fr\/wp-content\/uploads\/2023\/12\/Nos-archives-1-768x672.jpg 768w\" sizes=\"(max-width: 800px) 100vw, 800px\" \/>\t\t\t\t\t\t\t\t<\/a>\n\t\t\t\t\t\t\t\t\t\t\t\t\t<\/div>\n\t\t\t\t<\/div>\n\t\t\t\t\t<\/div>\n\t\t<\/div>\n\t\t\t\t<div class=\"elementor-column elementor-col-33 elementor-top-column elementor-element elementor-element-4765fc2\" data-id=\"4765fc2\" data-element_type=\"column\">\n\t\t\t<div class=\"elementor-widget-wrap elementor-element-populated\">\n\t\t\t\t\t\t<div class=\"elementor-element elementor-element-172bfa6 elementor-widget elementor-widget-image\" data-id=\"172bfa6\" data-element_type=\"widget\" data-widget_type=\"image.default\">\n\t\t\t\t<div class=\"elementor-widget-container\">\n\t\t\t\t\t\t\t\t\t\t\t\t\t\t<a href=\"#elementor-action%3Aaction%3Dpopup%3Aopen%26settings%3DeyJpZCI6IjY3MyIsInRvZ2dsZSI6ZmFsc2V9\">\n\t\t\t\t\t\t\t<img loading=\"lazy\" decoding=\"async\" width=\"800\" height=\"700\" src=\"https:\/\/www.terra.fr\/wp-content\/uploads\/2023\/12\/Topographie-1-1024x896.jpg\" class=\"elementor-animation-grow attachment-large size-large wp-image-618\" alt=\"\" srcset=\"https:\/\/www.terra.fr\/wp-content\/uploads\/2023\/12\/Topographie-1-1024x896.jpg 1024w, https:\/\/www.terra.fr\/wp-content\/uploads\/2023\/12\/Topographie-1-300x262.jpg 300w, https:\/\/www.terra.fr\/wp-content\/uploads\/2023\/12\/Topographie-1-768x672.jpg 768w, https:\/\/www.terra.fr\/wp-content\/uploads\/2023\/12\/Topographie-1.jpg 1030w\" sizes=\"(max-width: 800px) 100vw, 800px\" \/>\t\t\t\t\t\t\t\t<\/a>\n\t\t\t\t\t\t\t\t\t\t\t\t\t<\/div>\n\t\t\t\t<\/div>\n\t\t\t\t\t<\/div>\n\t\t<\/div>\n\t\t\t\t\t<\/div>\n\t\t<\/section>\n\t\t\t\t<section class=\"elementor-section elementor-top-section elementor-element elementor-element-33f5e0b elementor-section-boxed elementor-section-height-default elementor-section-height-default\" data-id=\"33f5e0b\" data-element_type=\"section\">\n\t\t\t\t\t\t<div class=\"elementor-container elementor-column-gap-default\">\n\t\t\t\t\t<div class=\"elementor-column elementor-col-33 elementor-top-column elementor-element elementor-element-b58c670\" data-id=\"b58c670\" data-element_type=\"column\">\n\t\t\t<div class=\"elementor-widget-wrap\">\n\t\t\t\t\t\t\t<\/div>\n\t\t<\/div>\n\t\t\t\t<div class=\"elementor-column elementor-col-66 elementor-top-column elementor-element elementor-element-7f7037e\" data-id=\"7f7037e\" data-element_type=\"column\">\n\t\t\t<div class=\"elementor-widget-wrap elementor-element-populated\">\n\t\t\t\t\t\t<div class=\"elementor-element elementor-element-bf117ed elementor-widget elementor-widget-image\" data-id=\"bf117ed\" data-element_type=\"widget\" data-widget_type=\"image.default\">\n\t\t\t\t<div class=\"elementor-widget-container\">\n\t\t\t\t\t\t\t\t\t\t\t\t\t\t<a href=\"#elementor-action%3Aaction%3Dpopup%3Aopen%26settings%3DeyJpZCI6IjY3OSIsInRvZ2dsZSI6ZmFsc2V9\">\n\t\t\t\t\t\t\t<img loading=\"lazy\" decoding=\"async\" width=\"2560\" height=\"718\" src=\"https:\/\/www.terra.fr\/wp-content\/uploads\/2023\/12\/Notre-equipe-v4-scaled.jpg\" class=\"elementor-animation-grow attachment-full size-full wp-image-638\" alt=\"\" srcset=\"https:\/\/www.terra.fr\/wp-content\/uploads\/2023\/12\/Notre-equipe-v4-scaled.jpg 2560w, https:\/\/www.terra.fr\/wp-content\/uploads\/2023\/12\/Notre-equipe-v4-300x84.jpg 300w, https:\/\/www.terra.fr\/wp-content\/uploads\/2023\/12\/Notre-equipe-v4-1024x287.jpg 1024w, https:\/\/www.terra.fr\/wp-content\/uploads\/2023\/12\/Notre-equipe-v4-768x215.jpg 768w, https:\/\/www.terra.fr\/wp-content\/uploads\/2023\/12\/Notre-equipe-v4-1536x431.jpg 1536w, https:\/\/www.terra.fr\/wp-content\/uploads\/2023\/12\/Notre-equipe-v4-2048x574.jpg 2048w\" sizes=\"(max-width: 2560px) 100vw, 2560px\" \/>\t\t\t\t\t\t\t\t<\/a>\n\t\t\t\t\t\t\t\t\t\t\t\t\t<\/div>\n\t\t\t\t<\/div>\n\t\t\t\t\t<\/div>\n\t\t<\/div>\n\t\t\t\t\t<\/div>\n\t\t<\/section>\n\t\t\t\t<section class=\"elementor-section elementor-top-section elementor-element elementor-element-987e61b elementor-section-boxed elementor-section-height-default elementor-section-height-default\" data-id=\"987e61b\" data-element_type=\"section\">\n\t\t\t\t\t\t<div class=\"elementor-container elementor-column-gap-default\">\n\t\t\t\t\t<div class=\"elementor-column elementor-col-33 elementor-top-column elementor-element elementor-element-1aeb832\" data-id=\"1aeb832\" data-element_type=\"column\">\n\t\t\t<div class=\"elementor-widget-wrap\">\n\t\t\t\t\t\t\t<\/div>\n\t\t<\/div>\n\t\t\t\t<div class=\"elementor-column elementor-col-33 elementor-top-column elementor-element elementor-element-a3920cb\" data-id=\"a3920cb\" data-element_type=\"column\">\n\t\t\t<div class=\"elementor-widget-wrap\">\n\t\t\t\t\t\t\t<\/div>\n\t\t<\/div>\n\t\t\t\t<div class=\"elementor-column elementor-col-33 elementor-top-column elementor-element elementor-element-a492a55\" data-id=\"a492a55\" data-element_type=\"column\">\n\t\t\t<div class=\"elementor-widget-wrap\">\n\t\t\t\t\t\t\t<\/div>\n\t\t<\/div>\n\t\t\t\t\t<\/div>\n\t\t<\/section>\n\t\t\t\t<\/div>\n\t\t","protected":false},"excerpt":{"rendered":"<p>TERRA G\u00e9om\u00e8tres Experts<\/p>\n","protected":false},"author":2,"featured_media":0,"parent":0,"menu_order":0,"comment_status":"closed","ping_status":"closed","template":"elementor_header_footer","meta":{"footnotes":""},"class_list":["post-10","page","type-page","status-publish","hentry"],"yoast_head":"<!-- This site is optimized with the Yoast SEO plugin v24.0 - https:\/\/yoast.com\/wordpress\/plugins\/seo\/ -->\n<title>Accueil - TERRA<\/title>\n<meta name=\"description\" content=\"TERRA G\u00e9om\u00e8tres-Experts se propose de vous accompagner client, priv\u00e9 ou publics pour r\u00e9aliser, une division, un bornage, un plan topographique, une mise en copropri\u00e9t\u00e9 ou en ing\u00e9nierie VRD.\" \/>\n<meta name=\"robots\" content=\"index, follow, max-snippet:-1, max-image-preview:large, max-video-preview:-1\" \/>\n<link rel=\"canonical\" href=\"http:\/\/www.terra.fr\/\" \/>\n<meta property=\"og:locale\" content=\"fr_FR\" \/>\n<meta property=\"og:type\" content=\"article\" \/>\n<meta property=\"og:title\" content=\"Accueil - TERRA\" \/>\n<meta property=\"og:description\" content=\"TERRA G\u00e9om\u00e8tres-Experts se propose de vous accompagner client, priv\u00e9 ou publics pour r\u00e9aliser, une division, un bornage, un plan topographique, une mise en copropri\u00e9t\u00e9 ou en ing\u00e9nierie VRD.\" \/>\n<meta property=\"og:url\" content=\"http:\/\/www.terra.fr\/\" \/>\n<meta property=\"og:site_name\" content=\"TERRA\" \/>\n<meta property=\"article:modified_time\" content=\"2024-12-11T14:23:56+00:00\" \/>\n<meta property=\"og:image\" content=\"http:\/\/www.terra.fr\/wp-content\/uploads\/2023\/12\/Division-Bornage-1-768x1024.jpg\" \/>\n<meta name=\"twitter:card\" content=\"summary_large_image\" \/>\n<meta name=\"twitter:label1\" content=\"Dur\u00e9e de lecture estim\u00e9e\" \/>\n\t<meta name=\"twitter:data1\" content=\"2 minutes\" \/>\n<script type=\"application\/ld+json\" class=\"yoast-schema-graph\">{\"@context\":\"https:\/\/schema.org\",\"@graph\":[{\"@type\":\"WebPage\",\"@id\":\"http:\/\/www.terra.fr\/\",\"url\":\"http:\/\/www.terra.fr\/\",\"name\":\"Accueil - TERRA\",\"isPartOf\":{\"@id\":\"http:\/\/www.terra.fr\/#website\"},\"primaryImageOfPage\":{\"@id\":\"http:\/\/www.terra.fr\/#primaryimage\"},\"image\":{\"@id\":\"http:\/\/www.terra.fr\/#primaryimage\"},\"thumbnailUrl\":\"http:\/\/www.terra.fr\/wp-content\/uploads\/2023\/12\/Division-Bornage-1-768x1024.jpg\",\"datePublished\":\"2022-11-08T14:53:28+00:00\",\"dateModified\":\"2024-12-11T14:23:56+00:00\",\"description\":\"TERRA G\u00e9om\u00e8tres-Experts se propose de vous accompagner client, priv\u00e9 ou publics pour r\u00e9aliser, une division, un bornage, un plan topographique, une mise en copropri\u00e9t\u00e9 ou en ing\u00e9nierie VRD.\",\"breadcrumb\":{\"@id\":\"http:\/\/www.terra.fr\/#breadcrumb\"},\"inLanguage\":\"fr-FR\",\"potentialAction\":[{\"@type\":\"ReadAction\",\"target\":[\"http:\/\/www.terra.fr\/\"]}]},{\"@type\":\"ImageObject\",\"inLanguage\":\"fr-FR\",\"@id\":\"http:\/\/www.terra.fr\/#primaryimage\",\"url\":\"http:\/\/www.terra.fr\/wp-content\/uploads\/2023\/12\/Division-Bornage-1-768x1024.jpg\",\"contentUrl\":\"http:\/\/www.terra.fr\/wp-content\/uploads\/2023\/12\/Division-Bornage-1-768x1024.jpg\"},{\"@type\":\"BreadcrumbList\",\"@id\":\"http:\/\/www.terra.fr\/#breadcrumb\",\"itemListElement\":[{\"@type\":\"ListItem\",\"position\":1,\"name\":\"Accueil\",\"item\":\"http:\/\/www.terra.fr\/\"},{\"@type\":\"ListItem\",\"position\":2,\"name\":\"Accueil\"}]},{\"@type\":\"WebSite\",\"@id\":\"http:\/\/www.terra.fr\/#website\",\"url\":\"http:\/\/www.terra.fr\/\",\"name\":\"TERRA G\u00e9om\u00e8tres-Experts\",\"description\":\"\",\"publisher\":{\"@id\":\"http:\/\/www.terra.fr\/#organization\"},\"potentialAction\":[{\"@type\":\"SearchAction\",\"target\":{\"@type\":\"EntryPoint\",\"urlTemplate\":\"http:\/\/www.terra.fr\/?s={search_term_string}\"},\"query-input\":{\"@type\":\"PropertyValueSpecification\",\"valueRequired\":true,\"valueName\":\"search_term_string\"}}],\"inLanguage\":\"fr-FR\"},{\"@type\":\"Organization\",\"@id\":\"http:\/\/www.terra.fr\/#organization\",\"name\":\"TERRA G\u00e9om\u00e8tres-Experts\",\"url\":\"http:\/\/www.terra.fr\/\",\"logo\":{\"@type\":\"ImageObject\",\"inLanguage\":\"fr-FR\",\"@id\":\"http:\/\/www.terra.fr\/#\/schema\/logo\/image\/\",\"url\":\"https:\/\/www.terra.fr\/wp-content\/uploads\/2022\/11\/RVB_GE_signature_20CM.png\",\"contentUrl\":\"https:\/\/www.terra.fr\/wp-content\/uploads\/2022\/11\/RVB_GE_signature_20CM.png\",\"width\":791,\"height\":578,\"caption\":\"TERRA G\u00e9om\u00e8tres-Experts\"},\"image\":{\"@id\":\"http:\/\/www.terra.fr\/#\/schema\/logo\/image\/\"}}]}<\/script>\n<!-- \/ Yoast SEO plugin. -->","yoast_head_json":{"title":"Accueil - TERRA","description":"TERRA G\u00e9om\u00e8tres-Experts se propose de vous accompagner client, priv\u00e9 ou publics pour r\u00e9aliser, une division, un bornage, un plan topographique, une mise en copropri\u00e9t\u00e9 ou en ing\u00e9nierie VRD.","robots":{"index":"index","follow":"follow","max-snippet":"max-snippet:-1","max-image-preview":"max-image-preview:large","max-video-preview":"max-video-preview:-1"},"canonical":"http:\/\/www.terra.fr\/","og_locale":"fr_FR","og_type":"article","og_title":"Accueil - TERRA","og_description":"TERRA G\u00e9om\u00e8tres-Experts se propose de vous accompagner client, priv\u00e9 ou publics pour r\u00e9aliser, une division, un bornage, un plan topographique, une mise en copropri\u00e9t\u00e9 ou en ing\u00e9nierie VRD.","og_url":"http:\/\/www.terra.fr\/","og_site_name":"TERRA","article_modified_time":"2024-12-11T14:23:56+00:00","og_image":[{"url":"http:\/\/www.terra.fr\/wp-content\/uploads\/2023\/12\/Division-Bornage-1-768x1024.jpg","type":"","width":"","height":""}],"twitter_card":"summary_large_image","twitter_misc":{"Dur\u00e9e de lecture estim\u00e9e":"2 minutes"},"schema":{"@context":"https:\/\/schema.org","@graph":[{"@type":"WebPage","@id":"http:\/\/www.terra.fr\/","url":"http:\/\/www.terra.fr\/","name":"Accueil - TERRA","isPartOf":{"@id":"http:\/\/www.terra.fr\/#website"},"primaryImageOfPage":{"@id":"http:\/\/www.terra.fr\/#primaryimage"},"image":{"@id":"http:\/\/www.terra.fr\/#primaryimage"},"thumbnailUrl":"http:\/\/www.terra.fr\/wp-content\/uploads\/2023\/12\/Division-Bornage-1-768x1024.jpg","datePublished":"2022-11-08T14:53:28+00:00","dateModified":"2024-12-11T14:23:56+00:00","description":"TERRA G\u00e9om\u00e8tres-Experts se propose de vous accompagner client, priv\u00e9 ou publics pour r\u00e9aliser, une division, un bornage, un plan topographique, une mise en copropri\u00e9t\u00e9 ou en ing\u00e9nierie VRD.","breadcrumb":{"@id":"http:\/\/www.terra.fr\/#breadcrumb"},"inLanguage":"fr-FR","potentialAction":[{"@type":"ReadAction","target":["http:\/\/www.terra.fr\/"]}]},{"@type":"ImageObject","inLanguage":"fr-FR","@id":"http:\/\/www.terra.fr\/#primaryimage","url":"http:\/\/www.terra.fr\/wp-content\/uploads\/2023\/12\/Division-Bornage-1-768x1024.jpg","contentUrl":"http:\/\/www.terra.fr\/wp-content\/uploads\/2023\/12\/Division-Bornage-1-768x1024.jpg"},{"@type":"BreadcrumbList","@id":"http:\/\/www.terra.fr\/#breadcrumb","itemListElement":[{"@type":"ListItem","position":1,"name":"Accueil","item":"http:\/\/www.terra.fr\/"},{"@type":"ListItem","position":2,"name":"Accueil"}]},{"@type":"WebSite","@id":"http:\/\/www.terra.fr\/#website","url":"http:\/\/www.terra.fr\/","name":"TERRA G\u00e9om\u00e8tres-Experts","description":"","publisher":{"@id":"http:\/\/www.terra.fr\/#organization"},"potentialAction":[{"@type":"SearchAction","target":{"@type":"EntryPoint","urlTemplate":"http:\/\/www.terra.fr\/?s={search_term_string}"},"query-input":{"@type":"PropertyValueSpecification","valueRequired":true,"valueName":"search_term_string"}}],"inLanguage":"fr-FR"},{"@type":"Organization","@id":"http:\/\/www.terra.fr\/#organization","name":"TERRA G\u00e9om\u00e8tres-Experts","url":"http:\/\/www.terra.fr\/","logo":{"@type":"ImageObject","inLanguage":"fr-FR","@id":"http:\/\/www.terra.fr\/#\/schema\/logo\/image\/","url":"https:\/\/www.terra.fr\/wp-content\/uploads\/2022\/11\/RVB_GE_signature_20CM.png","contentUrl":"https:\/\/www.terra.fr\/wp-content\/uploads\/2022\/11\/RVB_GE_signature_20CM.png","width":791,"height":578,"caption":"TERRA G\u00e9om\u00e8tres-Experts"},"image":{"@id":"http:\/\/www.terra.fr\/#\/schema\/logo\/image\/"}}]}},"_links":{"self":[{"href":"https:\/\/www.terra.fr\/index.php\/wp-json\/wp\/v2\/pages\/10","targetHints":{"allow":["GET"]}}],"collection":[{"href":"https:\/\/www.terra.fr\/index.php\/wp-json\/wp\/v2\/pages"}],"about":[{"href":"https:\/\/www.terra.fr\/index.php\/wp-json\/wp\/v2\/types\/page"}],"author":[{"embeddable":true,"href":"https:\/\/www.terra.fr\/index.php\/wp-json\/wp\/v2\/users\/2"}],"replies":[{"embeddable":true,"href":"https:\/\/www.terra.fr\/index.php\/wp-json\/wp\/v2\/comments?post=10"}],"version-history":[{"count":257,"href":"https:\/\/www.terra.fr\/index.php\/wp-json\/wp\/v2\/pages\/10\/revisions"}],"predecessor-version":[{"id":877,"href":"https:\/\/www.terra.fr\/index.php\/wp-json\/wp\/v2\/pages\/10\/revisions\/877"}],"wp:attachment":[{"href":"https:\/\/www.terra.fr\/index.php\/wp-json\/wp\/v2\/media?parent=10"}],"curies":[{"name":"wp","href":"https:\/\/api.w.org\/{rel}","templated":true}]}}