{"id":311,"date":"2023-11-28T14:42:44","date_gmt":"2023-11-28T13:42:44","guid":{"rendered":"https:\/\/www.terra.fr\/?page_id=311"},"modified":"2024-12-11T15:15:29","modified_gmt":"2024-12-11T14:15:29","slug":"copropriete-immobilier","status":"publish","type":"page","link":"https:\/\/www.terra.fr\/index.php\/copropriete-immobilier\/","title":{"rendered":"Copropri\u00e9t\u00e9 &#8211; Immobilier"},"content":{"rendered":"\t\t<div data-elementor-type=\"wp-page\" data-elementor-id=\"311\" class=\"elementor elementor-311\" data-elementor-post-type=\"page\">\n\t\t\t\t\t\t<section class=\"elementor-section elementor-top-section elementor-element elementor-element-75e95b55 elementor-section-content-middle elementor-section-boxed elementor-section-height-default elementor-section-height-default\" data-id=\"75e95b55\" data-element_type=\"section\">\n\t\t\t\t\t\t<div class=\"elementor-container elementor-column-gap-no\">\n\t\t\t\t\t<div class=\"elementor-column elementor-col-50 elementor-top-column elementor-element elementor-element-1cc655fc\" data-id=\"1cc655fc\" data-element_type=\"column\">\n\t\t\t<div class=\"elementor-widget-wrap elementor-element-populated\">\n\t\t\t\t\t\t<div class=\"elementor-element elementor-element-29c1179f elementor-widget-divider--view-line elementor-widget elementor-widget-divider\" data-id=\"29c1179f\" data-element_type=\"widget\" data-widget_type=\"divider.default\">\n\t\t\t\t<div class=\"elementor-widget-container\">\n\t\t\t\t\t<div class=\"elementor-divider\">\n\t\t\t<span class=\"elementor-divider-separator\">\n\t\t\t\t\t\t<\/span>\n\t\t<\/div>\n\t\t\t\t<\/div>\n\t\t\t\t<\/div>\n\t\t\t\t\t<\/div>\n\t\t<\/div>\n\t\t\t\t<div class=\"elementor-column elementor-col-50 elementor-top-column elementor-element elementor-element-7f5b4b11\" data-id=\"7f5b4b11\" data-element_type=\"column\">\n\t\t\t<div class=\"elementor-widget-wrap elementor-element-populated\">\n\t\t\t\t\t\t<div class=\"elementor-element elementor-element-23cb9b51 elementor-widget elementor-widget-heading\" data-id=\"23cb9b51\" data-element_type=\"widget\" data-widget_type=\"heading.default\">\n\t\t\t\t<div class=\"elementor-widget-container\">\n\t\t\t<h4 class=\"elementor-heading-title elementor-size-default\">Immobilier : Copropri\u00e9t\u00e9<\/h4>\t\t<\/div>\n\t\t\t\t<\/div>\n\t\t\t\t<div class=\"elementor-element elementor-element-456b18e6 elementor-widget elementor-widget-text-editor\" data-id=\"456b18e6\" data-element_type=\"widget\" data-widget_type=\"text-editor.default\">\n\t\t\t\t<div class=\"elementor-widget-container\">\n\t\t\t\t\t\t\t<p>La division d&rsquo;un immeuble en plusieurs \u00ab\u00a0propri\u00e9t\u00e9s\u00a0\u00bb impose la mise en copropri\u00e9t\u00e9 du bien immobilier.<br \/>L&rsquo;\u00e9tablissement des plans, de l&rsquo;\u00e9tat descriptif de division, du calcul des charges et du r\u00e8glement, conform\u00e9ment \u00e0 la loi n\u00b065-557 du 10 juillet 1965, n\u00e9cessite l&rsquo;expertise, la d\u00e9ontologie et la rigueur de votre G\u00e9om\u00e8tre-Expert.<\/p>\t\t\t\t\t\t<\/div>\n\t\t\t\t<\/div>\n\t\t\t\t\t<\/div>\n\t\t<\/div>\n\t\t\t\t\t<\/div>\n\t\t<\/section>\n\t\t\t\t<\/div>\n\t\t","protected":false},"excerpt":{"rendered":"<p>Immobilier : Copropri\u00e9t\u00e9 La division d&rsquo;un immeuble en plusieurs \u00ab\u00a0propri\u00e9t\u00e9s\u00a0\u00bb impose la mise en copropri\u00e9t\u00e9 du bien immobilier.L&rsquo;\u00e9tablissement des plans, de l&rsquo;\u00e9tat descriptif de division, du calcul des charges et du r\u00e8glement, conform\u00e9ment \u00e0 la loi n\u00b065-557 du 10 juillet 1965, n\u00e9cessite l&rsquo;expertise, la d\u00e9ontologie et la rigueur de votre G\u00e9om\u00e8tre-Expert.<\/p>\n","protected":false},"author":2,"featured_media":0,"parent":0,"menu_order":0,"comment_status":"closed","ping_status":"closed","template":"","meta":{"footnotes":""},"class_list":["post-311","page","type-page","status-publish","hentry"],"yoast_head":"<!-- This site is optimized with the Yoast SEO plugin v24.0 - https:\/\/yoast.com\/wordpress\/plugins\/seo\/ -->\n<title>Copropri\u00e9t\u00e9 - Immobilier - TERRA<\/title>\n<meta name=\"robots\" content=\"index, follow, max-snippet:-1, max-image-preview:large, max-video-preview:-1\" \/>\n<link rel=\"canonical\" href=\"https:\/\/www.terra.fr\/index.php\/copropriete-immobilier\/\" \/>\n<meta property=\"og:locale\" content=\"fr_FR\" \/>\n<meta property=\"og:type\" content=\"article\" \/>\n<meta property=\"og:title\" content=\"Copropri\u00e9t\u00e9 - Immobilier - TERRA\" \/>\n<meta property=\"og:description\" content=\"Immobilier : Copropri\u00e9t\u00e9 La division d&rsquo;un immeuble en plusieurs \u00ab\u00a0propri\u00e9t\u00e9s\u00a0\u00bb impose la mise en copropri\u00e9t\u00e9 du bien immobilier.L&rsquo;\u00e9tablissement des plans, de l&rsquo;\u00e9tat descriptif de division, du calcul des charges et du r\u00e8glement, conform\u00e9ment \u00e0 la loi n\u00b065-557 du 10 juillet 1965, n\u00e9cessite l&rsquo;expertise, la d\u00e9ontologie et la rigueur de votre G\u00e9om\u00e8tre-Expert.\" \/>\n<meta property=\"og:url\" content=\"https:\/\/www.terra.fr\/index.php\/copropriete-immobilier\/\" \/>\n<meta property=\"og:site_name\" content=\"TERRA\" \/>\n<meta property=\"article:modified_time\" content=\"2024-12-11T14:15:29+00:00\" \/>\n<meta name=\"twitter:card\" content=\"summary_large_image\" \/>\n<meta name=\"twitter:label1\" content=\"Dur\u00e9e de lecture estim\u00e9e\" \/>\n\t<meta name=\"twitter:data1\" content=\"1 minute\" \/>\n<script type=\"application\/ld+json\" class=\"yoast-schema-graph\">{\"@context\":\"https:\/\/schema.org\",\"@graph\":[{\"@type\":\"WebPage\",\"@id\":\"https:\/\/www.terra.fr\/index.php\/copropriete-immobilier\/\",\"url\":\"https:\/\/www.terra.fr\/index.php\/copropriete-immobilier\/\",\"name\":\"Copropri\u00e9t\u00e9 - Immobilier - TERRA\",\"isPartOf\":{\"@id\":\"http:\/\/www.terra.fr\/#website\"},\"datePublished\":\"2023-11-28T13:42:44+00:00\",\"dateModified\":\"2024-12-11T14:15:29+00:00\",\"breadcrumb\":{\"@id\":\"https:\/\/www.terra.fr\/index.php\/copropriete-immobilier\/#breadcrumb\"},\"inLanguage\":\"fr-FR\",\"potentialAction\":[{\"@type\":\"ReadAction\",\"target\":[\"https:\/\/www.terra.fr\/index.php\/copropriete-immobilier\/\"]}]},{\"@type\":\"BreadcrumbList\",\"@id\":\"https:\/\/www.terra.fr\/index.php\/copropriete-immobilier\/#breadcrumb\",\"itemListElement\":[{\"@type\":\"ListItem\",\"position\":1,\"name\":\"Accueil\",\"item\":\"http:\/\/www.terra.fr\/\"},{\"@type\":\"ListItem\",\"position\":2,\"name\":\"Copropri\u00e9t\u00e9 &#8211; Immobilier\"}]},{\"@type\":\"WebSite\",\"@id\":\"http:\/\/www.terra.fr\/#website\",\"url\":\"http:\/\/www.terra.fr\/\",\"name\":\"TERRA G\u00e9om\u00e8tres-Experts\",\"description\":\"\",\"publisher\":{\"@id\":\"http:\/\/www.terra.fr\/#organization\"},\"potentialAction\":[{\"@type\":\"SearchAction\",\"target\":{\"@type\":\"EntryPoint\",\"urlTemplate\":\"http:\/\/www.terra.fr\/?s={search_term_string}\"},\"query-input\":{\"@type\":\"PropertyValueSpecification\",\"valueRequired\":true,\"valueName\":\"search_term_string\"}}],\"inLanguage\":\"fr-FR\"},{\"@type\":\"Organization\",\"@id\":\"http:\/\/www.terra.fr\/#organization\",\"name\":\"TERRA G\u00e9om\u00e8tres-Experts\",\"url\":\"http:\/\/www.terra.fr\/\",\"logo\":{\"@type\":\"ImageObject\",\"inLanguage\":\"fr-FR\",\"@id\":\"http:\/\/www.terra.fr\/#\/schema\/logo\/image\/\",\"url\":\"https:\/\/www.terra.fr\/wp-content\/uploads\/2022\/11\/RVB_GE_signature_20CM.png\",\"contentUrl\":\"https:\/\/www.terra.fr\/wp-content\/uploads\/2022\/11\/RVB_GE_signature_20CM.png\",\"width\":791,\"height\":578,\"caption\":\"TERRA G\u00e9om\u00e8tres-Experts\"},\"image\":{\"@id\":\"http:\/\/www.terra.fr\/#\/schema\/logo\/image\/\"}}]}<\/script>\n<!-- \/ Yoast SEO plugin. -->","yoast_head_json":{"title":"Copropri\u00e9t\u00e9 - Immobilier - TERRA","robots":{"index":"index","follow":"follow","max-snippet":"max-snippet:-1","max-image-preview":"max-image-preview:large","max-video-preview":"max-video-preview:-1"},"canonical":"https:\/\/www.terra.fr\/index.php\/copropriete-immobilier\/","og_locale":"fr_FR","og_type":"article","og_title":"Copropri\u00e9t\u00e9 - Immobilier - TERRA","og_description":"Immobilier : Copropri\u00e9t\u00e9 La division d&rsquo;un immeuble en plusieurs \u00ab\u00a0propri\u00e9t\u00e9s\u00a0\u00bb impose la mise en copropri\u00e9t\u00e9 du bien immobilier.L&rsquo;\u00e9tablissement des plans, de l&rsquo;\u00e9tat descriptif de division, du calcul des charges et du r\u00e8glement, conform\u00e9ment \u00e0 la loi n\u00b065-557 du 10 juillet 1965, n\u00e9cessite l&rsquo;expertise, la d\u00e9ontologie et la rigueur de votre G\u00e9om\u00e8tre-Expert.","og_url":"https:\/\/www.terra.fr\/index.php\/copropriete-immobilier\/","og_site_name":"TERRA","article_modified_time":"2024-12-11T14:15:29+00:00","twitter_card":"summary_large_image","twitter_misc":{"Dur\u00e9e de lecture estim\u00e9e":"1 minute"},"schema":{"@context":"https:\/\/schema.org","@graph":[{"@type":"WebPage","@id":"https:\/\/www.terra.fr\/index.php\/copropriete-immobilier\/","url":"https:\/\/www.terra.fr\/index.php\/copropriete-immobilier\/","name":"Copropri\u00e9t\u00e9 - Immobilier - TERRA","isPartOf":{"@id":"http:\/\/www.terra.fr\/#website"},"datePublished":"2023-11-28T13:42:44+00:00","dateModified":"2024-12-11T14:15:29+00:00","breadcrumb":{"@id":"https:\/\/www.terra.fr\/index.php\/copropriete-immobilier\/#breadcrumb"},"inLanguage":"fr-FR","potentialAction":[{"@type":"ReadAction","target":["https:\/\/www.terra.fr\/index.php\/copropriete-immobilier\/"]}]},{"@type":"BreadcrumbList","@id":"https:\/\/www.terra.fr\/index.php\/copropriete-immobilier\/#breadcrumb","itemListElement":[{"@type":"ListItem","position":1,"name":"Accueil","item":"http:\/\/www.terra.fr\/"},{"@type":"ListItem","position":2,"name":"Copropri\u00e9t\u00e9 &#8211; Immobilier"}]},{"@type":"WebSite","@id":"http:\/\/www.terra.fr\/#website","url":"http:\/\/www.terra.fr\/","name":"TERRA G\u00e9om\u00e8tres-Experts","description":"","publisher":{"@id":"http:\/\/www.terra.fr\/#organization"},"potentialAction":[{"@type":"SearchAction","target":{"@type":"EntryPoint","urlTemplate":"http:\/\/www.terra.fr\/?s={search_term_string}"},"query-input":{"@type":"PropertyValueSpecification","valueRequired":true,"valueName":"search_term_string"}}],"inLanguage":"fr-FR"},{"@type":"Organization","@id":"http:\/\/www.terra.fr\/#organization","name":"TERRA G\u00e9om\u00e8tres-Experts","url":"http:\/\/www.terra.fr\/","logo":{"@type":"ImageObject","inLanguage":"fr-FR","@id":"http:\/\/www.terra.fr\/#\/schema\/logo\/image\/","url":"https:\/\/www.terra.fr\/wp-content\/uploads\/2022\/11\/RVB_GE_signature_20CM.png","contentUrl":"https:\/\/www.terra.fr\/wp-content\/uploads\/2022\/11\/RVB_GE_signature_20CM.png","width":791,"height":578,"caption":"TERRA G\u00e9om\u00e8tres-Experts"},"image":{"@id":"http:\/\/www.terra.fr\/#\/schema\/logo\/image\/"}}]}},"_links":{"self":[{"href":"https:\/\/www.terra.fr\/index.php\/wp-json\/wp\/v2\/pages\/311","targetHints":{"allow":["GET"]}}],"collection":[{"href":"https:\/\/www.terra.fr\/index.php\/wp-json\/wp\/v2\/pages"}],"about":[{"href":"https:\/\/www.terra.fr\/index.php\/wp-json\/wp\/v2\/types\/page"}],"author":[{"embeddable":true,"href":"https:\/\/www.terra.fr\/index.php\/wp-json\/wp\/v2\/users\/2"}],"replies":[{"embeddable":true,"href":"https:\/\/www.terra.fr\/index.php\/wp-json\/wp\/v2\/comments?post=311"}],"version-history":[{"count":10,"href":"https:\/\/www.terra.fr\/index.php\/wp-json\/wp\/v2\/pages\/311\/revisions"}],"predecessor-version":[{"id":849,"href":"https:\/\/www.terra.fr\/index.php\/wp-json\/wp\/v2\/pages\/311\/revisions\/849"}],"wp:attachment":[{"href":"https:\/\/www.terra.fr\/index.php\/wp-json\/wp\/v2\/media?parent=311"}],"curies":[{"name":"wp","href":"https:\/\/api.w.org\/{rel}","templated":true}]}}