{"id":329,"date":"2023-11-28T14:46:31","date_gmt":"2023-11-28T13:46:31","guid":{"rendered":"https:\/\/www.terra.fr\/?page_id=329"},"modified":"2024-12-11T15:19:13","modified_gmt":"2024-12-11T14:19:13","slug":"nos-archives","status":"publish","type":"page","link":"https:\/\/www.terra.fr\/index.php\/nos-archives\/","title":{"rendered":"Nos archives"},"content":{"rendered":"\t\t<div data-elementor-type=\"wp-page\" data-elementor-id=\"329\" class=\"elementor elementor-329\" data-elementor-post-type=\"page\">\n\t\t\t\t\t\t<section class=\"elementor-section elementor-top-section elementor-element elementor-element-6b7ee60b elementor-section-content-middle elementor-section-boxed elementor-section-height-default elementor-section-height-default\" data-id=\"6b7ee60b\" data-element_type=\"section\">\n\t\t\t\t\t\t<div class=\"elementor-container elementor-column-gap-no\">\n\t\t\t\t\t<div class=\"elementor-column elementor-col-50 elementor-top-column elementor-element elementor-element-39727f6c\" data-id=\"39727f6c\" data-element_type=\"column\">\n\t\t\t<div class=\"elementor-widget-wrap elementor-element-populated\">\n\t\t\t\t\t\t<div class=\"elementor-element elementor-element-2ddbe5e elementor-widget-divider--view-line elementor-widget elementor-widget-divider\" data-id=\"2ddbe5e\" data-element_type=\"widget\" data-widget_type=\"divider.default\">\n\t\t\t\t<div class=\"elementor-widget-container\">\n\t\t\t\t\t<div class=\"elementor-divider\">\n\t\t\t<span class=\"elementor-divider-separator\">\n\t\t\t\t\t\t<\/span>\n\t\t<\/div>\n\t\t\t\t<\/div>\n\t\t\t\t<\/div>\n\t\t\t\t\t<\/div>\n\t\t<\/div>\n\t\t\t\t<div class=\"elementor-column elementor-col-50 elementor-top-column elementor-element elementor-element-458cb591\" data-id=\"458cb591\" data-element_type=\"column\">\n\t\t\t<div class=\"elementor-widget-wrap elementor-element-populated\">\n\t\t\t\t\t\t<div class=\"elementor-element elementor-element-41746d27 elementor-widget elementor-widget-heading\" data-id=\"41746d27\" data-element_type=\"widget\" data-widget_type=\"heading.default\">\n\t\t\t\t<div class=\"elementor-widget-container\">\n\t\t\t<h4 class=\"elementor-heading-title elementor-size-default\">Nos archives<\/h4>\t\t<\/div>\n\t\t\t\t<\/div>\n\t\t\t\t<div class=\"elementor-element elementor-element-25aeeb5e elementor-widget elementor-widget-text-editor\" data-id=\"25aeeb5e\" data-element_type=\"widget\" data-widget_type=\"text-editor.default\">\n\t\t\t\t<div class=\"elementor-widget-container\">\n\t\t\t\t\t\t\t<p>Le cabinet TERRA G\u00e9om\u00e8tres-Experts est d\u00e9tenteur d&rsquo;archives fonci\u00e8res r\u00e9gionales remontant \u00e0 1697 (Arpenteurs royaux) en Champagne Ardenne et commen\u00e7ant en 1835 dans le secteur de Reims.<br \/>Depuis la cr\u00e9ation de l\u2019Ordre des g\u00e9om\u00e8tres-experts en 1946, nous disposons notamment des archives des g\u00e9om\u00e8tres-experts suivants\u00a0: D. LECRIVAIN, G. WAIBEL, Georges DAVOUST, Marcel ROQUES,\u00a0? LEGRAS, Michel BOUCHE, Michel BRIMONT, G. SAUVAGE, Alexis JOUIN, Alain PERRIER, Ren\u00e9 DAVOUST, Denis MARCHAL et Arnaud DUPONT.<\/p>\t\t\t\t\t\t<\/div>\n\t\t\t\t<\/div>\n\t\t\t\t\t<\/div>\n\t\t<\/div>\n\t\t\t\t\t<\/div>\n\t\t<\/section>\n\t\t\t\t<\/div>\n\t\t","protected":false},"excerpt":{"rendered":"<p>Nos archives Le cabinet TERRA G\u00e9om\u00e8tres-Experts est d\u00e9tenteur d&rsquo;archives fonci\u00e8res r\u00e9gionales remontant \u00e0 1697 (Arpenteurs royaux) en Champagne Ardenne et commen\u00e7ant en 1835 dans le secteur de Reims.Depuis la cr\u00e9ation de l\u2019Ordre des g\u00e9om\u00e8tres-experts en 1946, nous disposons notamment des archives des g\u00e9om\u00e8tres-experts suivants\u00a0: D. LECRIVAIN, G. WAIBEL, Georges DAVOUST, Marcel ROQUES,\u00a0? LEGRAS, Michel BOUCHE, [&hellip;]<\/p>\n","protected":false},"author":2,"featured_media":0,"parent":0,"menu_order":0,"comment_status":"closed","ping_status":"closed","template":"","meta":{"footnotes":""},"class_list":["post-329","page","type-page","status-publish","hentry"],"yoast_head":"<!-- This site is optimized with the Yoast SEO plugin v24.0 - https:\/\/yoast.com\/wordpress\/plugins\/seo\/ -->\n<title>Nos archives - TERRA<\/title>\n<meta name=\"robots\" content=\"index, follow, max-snippet:-1, max-image-preview:large, max-video-preview:-1\" \/>\n<link rel=\"canonical\" href=\"https:\/\/www.terra.fr\/index.php\/nos-archives\/\" \/>\n<meta property=\"og:locale\" content=\"fr_FR\" \/>\n<meta property=\"og:type\" content=\"article\" \/>\n<meta property=\"og:title\" content=\"Nos archives - TERRA\" \/>\n<meta property=\"og:description\" content=\"Nos archives Le cabinet TERRA G\u00e9om\u00e8tres-Experts est d\u00e9tenteur d&rsquo;archives fonci\u00e8res r\u00e9gionales remontant \u00e0 1697 (Arpenteurs royaux) en Champagne Ardenne et commen\u00e7ant en 1835 dans le secteur de Reims.Depuis la cr\u00e9ation de l\u2019Ordre des g\u00e9om\u00e8tres-experts en 1946, nous disposons notamment des archives des g\u00e9om\u00e8tres-experts suivants\u00a0: D. LECRIVAIN, G. WAIBEL, Georges DAVOUST, Marcel ROQUES,\u00a0? LEGRAS, Michel BOUCHE, [&hellip;]\" \/>\n<meta property=\"og:url\" content=\"https:\/\/www.terra.fr\/index.php\/nos-archives\/\" \/>\n<meta property=\"og:site_name\" content=\"TERRA\" \/>\n<meta property=\"article:modified_time\" content=\"2024-12-11T14:19:13+00:00\" \/>\n<meta name=\"twitter:card\" content=\"summary_large_image\" \/>\n<meta name=\"twitter:label1\" content=\"Dur\u00e9e de lecture estim\u00e9e\" \/>\n\t<meta name=\"twitter:data1\" content=\"1 minute\" \/>\n<script type=\"application\/ld+json\" class=\"yoast-schema-graph\">{\"@context\":\"https:\/\/schema.org\",\"@graph\":[{\"@type\":\"WebPage\",\"@id\":\"https:\/\/www.terra.fr\/index.php\/nos-archives\/\",\"url\":\"https:\/\/www.terra.fr\/index.php\/nos-archives\/\",\"name\":\"Nos archives - TERRA\",\"isPartOf\":{\"@id\":\"http:\/\/www.terra.fr\/#website\"},\"datePublished\":\"2023-11-28T13:46:31+00:00\",\"dateModified\":\"2024-12-11T14:19:13+00:00\",\"breadcrumb\":{\"@id\":\"https:\/\/www.terra.fr\/index.php\/nos-archives\/#breadcrumb\"},\"inLanguage\":\"fr-FR\",\"potentialAction\":[{\"@type\":\"ReadAction\",\"target\":[\"https:\/\/www.terra.fr\/index.php\/nos-archives\/\"]}]},{\"@type\":\"BreadcrumbList\",\"@id\":\"https:\/\/www.terra.fr\/index.php\/nos-archives\/#breadcrumb\",\"itemListElement\":[{\"@type\":\"ListItem\",\"position\":1,\"name\":\"Accueil\",\"item\":\"http:\/\/www.terra.fr\/\"},{\"@type\":\"ListItem\",\"position\":2,\"name\":\"Nos archives\"}]},{\"@type\":\"WebSite\",\"@id\":\"http:\/\/www.terra.fr\/#website\",\"url\":\"http:\/\/www.terra.fr\/\",\"name\":\"TERRA G\u00e9om\u00e8tres-Experts\",\"description\":\"\",\"publisher\":{\"@id\":\"http:\/\/www.terra.fr\/#organization\"},\"potentialAction\":[{\"@type\":\"SearchAction\",\"target\":{\"@type\":\"EntryPoint\",\"urlTemplate\":\"http:\/\/www.terra.fr\/?s={search_term_string}\"},\"query-input\":{\"@type\":\"PropertyValueSpecification\",\"valueRequired\":true,\"valueName\":\"search_term_string\"}}],\"inLanguage\":\"fr-FR\"},{\"@type\":\"Organization\",\"@id\":\"http:\/\/www.terra.fr\/#organization\",\"name\":\"TERRA G\u00e9om\u00e8tres-Experts\",\"url\":\"http:\/\/www.terra.fr\/\",\"logo\":{\"@type\":\"ImageObject\",\"inLanguage\":\"fr-FR\",\"@id\":\"http:\/\/www.terra.fr\/#\/schema\/logo\/image\/\",\"url\":\"https:\/\/www.terra.fr\/wp-content\/uploads\/2022\/11\/RVB_GE_signature_20CM.png\",\"contentUrl\":\"https:\/\/www.terra.fr\/wp-content\/uploads\/2022\/11\/RVB_GE_signature_20CM.png\",\"width\":791,\"height\":578,\"caption\":\"TERRA G\u00e9om\u00e8tres-Experts\"},\"image\":{\"@id\":\"http:\/\/www.terra.fr\/#\/schema\/logo\/image\/\"}}]}<\/script>\n<!-- \/ Yoast SEO plugin. -->","yoast_head_json":{"title":"Nos archives - TERRA","robots":{"index":"index","follow":"follow","max-snippet":"max-snippet:-1","max-image-preview":"max-image-preview:large","max-video-preview":"max-video-preview:-1"},"canonical":"https:\/\/www.terra.fr\/index.php\/nos-archives\/","og_locale":"fr_FR","og_type":"article","og_title":"Nos archives - TERRA","og_description":"Nos archives Le cabinet TERRA G\u00e9om\u00e8tres-Experts est d\u00e9tenteur d&rsquo;archives fonci\u00e8res r\u00e9gionales remontant \u00e0 1697 (Arpenteurs royaux) en Champagne Ardenne et commen\u00e7ant en 1835 dans le secteur de Reims.Depuis la cr\u00e9ation de l\u2019Ordre des g\u00e9om\u00e8tres-experts en 1946, nous disposons notamment des archives des g\u00e9om\u00e8tres-experts suivants\u00a0: D. LECRIVAIN, G. WAIBEL, Georges DAVOUST, Marcel ROQUES,\u00a0? LEGRAS, Michel BOUCHE, [&hellip;]","og_url":"https:\/\/www.terra.fr\/index.php\/nos-archives\/","og_site_name":"TERRA","article_modified_time":"2024-12-11T14:19:13+00:00","twitter_card":"summary_large_image","twitter_misc":{"Dur\u00e9e de lecture estim\u00e9e":"1 minute"},"schema":{"@context":"https:\/\/schema.org","@graph":[{"@type":"WebPage","@id":"https:\/\/www.terra.fr\/index.php\/nos-archives\/","url":"https:\/\/www.terra.fr\/index.php\/nos-archives\/","name":"Nos archives - TERRA","isPartOf":{"@id":"http:\/\/www.terra.fr\/#website"},"datePublished":"2023-11-28T13:46:31+00:00","dateModified":"2024-12-11T14:19:13+00:00","breadcrumb":{"@id":"https:\/\/www.terra.fr\/index.php\/nos-archives\/#breadcrumb"},"inLanguage":"fr-FR","potentialAction":[{"@type":"ReadAction","target":["https:\/\/www.terra.fr\/index.php\/nos-archives\/"]}]},{"@type":"BreadcrumbList","@id":"https:\/\/www.terra.fr\/index.php\/nos-archives\/#breadcrumb","itemListElement":[{"@type":"ListItem","position":1,"name":"Accueil","item":"http:\/\/www.terra.fr\/"},{"@type":"ListItem","position":2,"name":"Nos archives"}]},{"@type":"WebSite","@id":"http:\/\/www.terra.fr\/#website","url":"http:\/\/www.terra.fr\/","name":"TERRA G\u00e9om\u00e8tres-Experts","description":"","publisher":{"@id":"http:\/\/www.terra.fr\/#organization"},"potentialAction":[{"@type":"SearchAction","target":{"@type":"EntryPoint","urlTemplate":"http:\/\/www.terra.fr\/?s={search_term_string}"},"query-input":{"@type":"PropertyValueSpecification","valueRequired":true,"valueName":"search_term_string"}}],"inLanguage":"fr-FR"},{"@type":"Organization","@id":"http:\/\/www.terra.fr\/#organization","name":"TERRA G\u00e9om\u00e8tres-Experts","url":"http:\/\/www.terra.fr\/","logo":{"@type":"ImageObject","inLanguage":"fr-FR","@id":"http:\/\/www.terra.fr\/#\/schema\/logo\/image\/","url":"https:\/\/www.terra.fr\/wp-content\/uploads\/2022\/11\/RVB_GE_signature_20CM.png","contentUrl":"https:\/\/www.terra.fr\/wp-content\/uploads\/2022\/11\/RVB_GE_signature_20CM.png","width":791,"height":578,"caption":"TERRA G\u00e9om\u00e8tres-Experts"},"image":{"@id":"http:\/\/www.terra.fr\/#\/schema\/logo\/image\/"}}]}},"_links":{"self":[{"href":"https:\/\/www.terra.fr\/index.php\/wp-json\/wp\/v2\/pages\/329","targetHints":{"allow":["GET"]}}],"collection":[{"href":"https:\/\/www.terra.fr\/index.php\/wp-json\/wp\/v2\/pages"}],"about":[{"href":"https:\/\/www.terra.fr\/index.php\/wp-json\/wp\/v2\/types\/page"}],"author":[{"embeddable":true,"href":"https:\/\/www.terra.fr\/index.php\/wp-json\/wp\/v2\/users\/2"}],"replies":[{"embeddable":true,"href":"https:\/\/www.terra.fr\/index.php\/wp-json\/wp\/v2\/comments?post=329"}],"version-history":[{"count":10,"href":"https:\/\/www.terra.fr\/index.php\/wp-json\/wp\/v2\/pages\/329\/revisions"}],"predecessor-version":[{"id":865,"href":"https:\/\/www.terra.fr\/index.php\/wp-json\/wp\/v2\/pages\/329\/revisions\/865"}],"wp:attachment":[{"href":"https:\/\/www.terra.fr\/index.php\/wp-json\/wp\/v2\/media?parent=329"}],"curies":[{"name":"wp","href":"https:\/\/api.w.org\/{rel}","templated":true}]}}