{"id":334,"date":"2023-11-28T14:47:28","date_gmt":"2023-11-28T13:47:28","guid":{"rendered":"https:\/\/www.terra.fr\/?page_id=334"},"modified":"2024-12-11T15:20:48","modified_gmt":"2024-12-11T14:20:48","slug":"notre-equipe","status":"publish","type":"page","link":"https:\/\/www.terra.fr\/index.php\/notre-equipe\/","title":{"rendered":"Notre \u00e9quipe"},"content":{"rendered":"\t\t<div data-elementor-type=\"wp-page\" data-elementor-id=\"334\" class=\"elementor elementor-334\" data-elementor-post-type=\"page\">\n\t\t\t\t\t\t<section class=\"elementor-section elementor-top-section elementor-element elementor-element-5398781a elementor-section-content-middle elementor-section-boxed elementor-section-height-default elementor-section-height-default\" data-id=\"5398781a\" data-element_type=\"section\">\n\t\t\t\t\t\t<div class=\"elementor-container elementor-column-gap-no\">\n\t\t\t\t\t<div class=\"elementor-column elementor-col-50 elementor-top-column elementor-element elementor-element-79382f6f\" data-id=\"79382f6f\" data-element_type=\"column\">\n\t\t\t<div class=\"elementor-widget-wrap elementor-element-populated\">\n\t\t\t\t\t\t<div class=\"elementor-element elementor-element-2ee9a0d6 elementor-widget-divider--view-line elementor-widget elementor-widget-divider\" data-id=\"2ee9a0d6\" data-element_type=\"widget\" data-widget_type=\"divider.default\">\n\t\t\t\t<div class=\"elementor-widget-container\">\n\t\t\t\t\t<div class=\"elementor-divider\">\n\t\t\t<span class=\"elementor-divider-separator\">\n\t\t\t\t\t\t<\/span>\n\t\t<\/div>\n\t\t\t\t<\/div>\n\t\t\t\t<\/div>\n\t\t\t\t\t<\/div>\n\t\t<\/div>\n\t\t\t\t<div class=\"elementor-column elementor-col-50 elementor-top-column elementor-element elementor-element-7a13bb84\" data-id=\"7a13bb84\" data-element_type=\"column\">\n\t\t\t<div class=\"elementor-widget-wrap elementor-element-populated\">\n\t\t\t\t\t\t<div class=\"elementor-element elementor-element-18672f6c elementor-widget elementor-widget-heading\" data-id=\"18672f6c\" data-element_type=\"widget\" data-widget_type=\"heading.default\">\n\t\t\t\t<div class=\"elementor-widget-container\">\n\t\t\t<h4 class=\"elementor-heading-title elementor-size-default\">Notre \u00e9quipe<\/h4>\t\t<\/div>\n\t\t\t\t<\/div>\n\t\t\t\t<div class=\"elementor-element elementor-element-45a6ffa7 elementor-widget elementor-widget-text-editor\" data-id=\"45a6ffa7\" data-element_type=\"widget\" data-widget_type=\"text-editor.default\">\n\t\t\t\t<div class=\"elementor-widget-container\">\n\t\t\t\t\t\t\t<p>Suite au d\u00e9part en retraite en 2021 de Arnaud DUPONT, g\u00e9om\u00e8tre-expert, et au changement de nom du Cabinet DUPONT REMY MIRAMON en TERRA G\u00e9om\u00e8tre-Experts, notre \u00e9quipe a continu\u00e9 \u00e0 se renforcer et est compos\u00e9 de 4 g\u00e9om\u00e8tres-experts (Julien MIRAMON, Pierre-Yves REMY, Pierre MATTHIEU, Lucas DOMANGE), une responsable du bureau d\u2019\u00e9tudes VRD (Rachel ROLLAND), un ing\u00e9nieur stagiaire G\u00e9om\u00e8tre-expert (Joffrey OLIVEIRA), 19 technicien(ne)s et 2 employ\u00e9es au p\u00f4le administratif.<\/p><div>\u00a0<\/div>\t\t\t\t\t\t<\/div>\n\t\t\t\t<\/div>\n\t\t\t\t\t<\/div>\n\t\t<\/div>\n\t\t\t\t\t<\/div>\n\t\t<\/section>\n\t\t\t\t<\/div>\n\t\t","protected":false},"excerpt":{"rendered":"<p>Notre \u00e9quipe Suite au d\u00e9part en retraite en 2021 de Arnaud DUPONT, g\u00e9om\u00e8tre-expert, et au changement de nom du Cabinet DUPONT REMY MIRAMON en TERRA G\u00e9om\u00e8tre-Experts, notre \u00e9quipe a continu\u00e9 \u00e0 se renforcer et est compos\u00e9 de 4 g\u00e9om\u00e8tres-experts (Julien MIRAMON, Pierre-Yves REMY, Pierre MATTHIEU, Lucas DOMANGE), une responsable du bureau d\u2019\u00e9tudes VRD (Rachel ROLLAND), [&hellip;]<\/p>\n","protected":false},"author":2,"featured_media":0,"parent":0,"menu_order":0,"comment_status":"closed","ping_status":"closed","template":"","meta":{"footnotes":""},"class_list":["post-334","page","type-page","status-publish","hentry"],"yoast_head":"<!-- This site is optimized with the Yoast SEO plugin v24.0 - https:\/\/yoast.com\/wordpress\/plugins\/seo\/ -->\n<title>Notre \u00e9quipe - TERRA<\/title>\n<meta name=\"robots\" content=\"index, follow, max-snippet:-1, max-image-preview:large, max-video-preview:-1\" \/>\n<link rel=\"canonical\" href=\"https:\/\/www.terra.fr\/index.php\/notre-equipe\/\" \/>\n<meta property=\"og:locale\" content=\"fr_FR\" \/>\n<meta property=\"og:type\" content=\"article\" \/>\n<meta property=\"og:title\" content=\"Notre \u00e9quipe - TERRA\" \/>\n<meta property=\"og:description\" content=\"Notre \u00e9quipe Suite au d\u00e9part en retraite en 2021 de Arnaud DUPONT, g\u00e9om\u00e8tre-expert, et au changement de nom du Cabinet DUPONT REMY MIRAMON en TERRA G\u00e9om\u00e8tre-Experts, notre \u00e9quipe a continu\u00e9 \u00e0 se renforcer et est compos\u00e9 de 4 g\u00e9om\u00e8tres-experts (Julien MIRAMON, Pierre-Yves REMY, Pierre MATTHIEU, Lucas DOMANGE), une responsable du bureau d\u2019\u00e9tudes VRD (Rachel ROLLAND), [&hellip;]\" \/>\n<meta property=\"og:url\" content=\"https:\/\/www.terra.fr\/index.php\/notre-equipe\/\" \/>\n<meta property=\"og:site_name\" content=\"TERRA\" \/>\n<meta property=\"article:modified_time\" content=\"2024-12-11T14:20:48+00:00\" \/>\n<meta name=\"twitter:card\" content=\"summary_large_image\" \/>\n<meta name=\"twitter:label1\" content=\"Dur\u00e9e de lecture estim\u00e9e\" \/>\n\t<meta name=\"twitter:data1\" content=\"1 minute\" \/>\n<script type=\"application\/ld+json\" class=\"yoast-schema-graph\">{\"@context\":\"https:\/\/schema.org\",\"@graph\":[{\"@type\":\"WebPage\",\"@id\":\"https:\/\/www.terra.fr\/index.php\/notre-equipe\/\",\"url\":\"https:\/\/www.terra.fr\/index.php\/notre-equipe\/\",\"name\":\"Notre \u00e9quipe - TERRA\",\"isPartOf\":{\"@id\":\"http:\/\/www.terra.fr\/#website\"},\"datePublished\":\"2023-11-28T13:47:28+00:00\",\"dateModified\":\"2024-12-11T14:20:48+00:00\",\"breadcrumb\":{\"@id\":\"https:\/\/www.terra.fr\/index.php\/notre-equipe\/#breadcrumb\"},\"inLanguage\":\"fr-FR\",\"potentialAction\":[{\"@type\":\"ReadAction\",\"target\":[\"https:\/\/www.terra.fr\/index.php\/notre-equipe\/\"]}]},{\"@type\":\"BreadcrumbList\",\"@id\":\"https:\/\/www.terra.fr\/index.php\/notre-equipe\/#breadcrumb\",\"itemListElement\":[{\"@type\":\"ListItem\",\"position\":1,\"name\":\"Accueil\",\"item\":\"http:\/\/www.terra.fr\/\"},{\"@type\":\"ListItem\",\"position\":2,\"name\":\"Notre \u00e9quipe\"}]},{\"@type\":\"WebSite\",\"@id\":\"http:\/\/www.terra.fr\/#website\",\"url\":\"http:\/\/www.terra.fr\/\",\"name\":\"TERRA G\u00e9om\u00e8tres-Experts\",\"description\":\"\",\"publisher\":{\"@id\":\"http:\/\/www.terra.fr\/#organization\"},\"potentialAction\":[{\"@type\":\"SearchAction\",\"target\":{\"@type\":\"EntryPoint\",\"urlTemplate\":\"http:\/\/www.terra.fr\/?s={search_term_string}\"},\"query-input\":{\"@type\":\"PropertyValueSpecification\",\"valueRequired\":true,\"valueName\":\"search_term_string\"}}],\"inLanguage\":\"fr-FR\"},{\"@type\":\"Organization\",\"@id\":\"http:\/\/www.terra.fr\/#organization\",\"name\":\"TERRA G\u00e9om\u00e8tres-Experts\",\"url\":\"http:\/\/www.terra.fr\/\",\"logo\":{\"@type\":\"ImageObject\",\"inLanguage\":\"fr-FR\",\"@id\":\"http:\/\/www.terra.fr\/#\/schema\/logo\/image\/\",\"url\":\"https:\/\/www.terra.fr\/wp-content\/uploads\/2022\/11\/RVB_GE_signature_20CM.png\",\"contentUrl\":\"https:\/\/www.terra.fr\/wp-content\/uploads\/2022\/11\/RVB_GE_signature_20CM.png\",\"width\":791,\"height\":578,\"caption\":\"TERRA G\u00e9om\u00e8tres-Experts\"},\"image\":{\"@id\":\"http:\/\/www.terra.fr\/#\/schema\/logo\/image\/\"}}]}<\/script>\n<!-- \/ Yoast SEO plugin. -->","yoast_head_json":{"title":"Notre \u00e9quipe - TERRA","robots":{"index":"index","follow":"follow","max-snippet":"max-snippet:-1","max-image-preview":"max-image-preview:large","max-video-preview":"max-video-preview:-1"},"canonical":"https:\/\/www.terra.fr\/index.php\/notre-equipe\/","og_locale":"fr_FR","og_type":"article","og_title":"Notre \u00e9quipe - TERRA","og_description":"Notre \u00e9quipe Suite au d\u00e9part en retraite en 2021 de Arnaud DUPONT, g\u00e9om\u00e8tre-expert, et au changement de nom du Cabinet DUPONT REMY MIRAMON en TERRA G\u00e9om\u00e8tre-Experts, notre \u00e9quipe a continu\u00e9 \u00e0 se renforcer et est compos\u00e9 de 4 g\u00e9om\u00e8tres-experts (Julien MIRAMON, Pierre-Yves REMY, Pierre MATTHIEU, Lucas DOMANGE), une responsable du bureau d\u2019\u00e9tudes VRD (Rachel ROLLAND), [&hellip;]","og_url":"https:\/\/www.terra.fr\/index.php\/notre-equipe\/","og_site_name":"TERRA","article_modified_time":"2024-12-11T14:20:48+00:00","twitter_card":"summary_large_image","twitter_misc":{"Dur\u00e9e de lecture estim\u00e9e":"1 minute"},"schema":{"@context":"https:\/\/schema.org","@graph":[{"@type":"WebPage","@id":"https:\/\/www.terra.fr\/index.php\/notre-equipe\/","url":"https:\/\/www.terra.fr\/index.php\/notre-equipe\/","name":"Notre \u00e9quipe - TERRA","isPartOf":{"@id":"http:\/\/www.terra.fr\/#website"},"datePublished":"2023-11-28T13:47:28+00:00","dateModified":"2024-12-11T14:20:48+00:00","breadcrumb":{"@id":"https:\/\/www.terra.fr\/index.php\/notre-equipe\/#breadcrumb"},"inLanguage":"fr-FR","potentialAction":[{"@type":"ReadAction","target":["https:\/\/www.terra.fr\/index.php\/notre-equipe\/"]}]},{"@type":"BreadcrumbList","@id":"https:\/\/www.terra.fr\/index.php\/notre-equipe\/#breadcrumb","itemListElement":[{"@type":"ListItem","position":1,"name":"Accueil","item":"http:\/\/www.terra.fr\/"},{"@type":"ListItem","position":2,"name":"Notre \u00e9quipe"}]},{"@type":"WebSite","@id":"http:\/\/www.terra.fr\/#website","url":"http:\/\/www.terra.fr\/","name":"TERRA G\u00e9om\u00e8tres-Experts","description":"","publisher":{"@id":"http:\/\/www.terra.fr\/#organization"},"potentialAction":[{"@type":"SearchAction","target":{"@type":"EntryPoint","urlTemplate":"http:\/\/www.terra.fr\/?s={search_term_string}"},"query-input":{"@type":"PropertyValueSpecification","valueRequired":true,"valueName":"search_term_string"}}],"inLanguage":"fr-FR"},{"@type":"Organization","@id":"http:\/\/www.terra.fr\/#organization","name":"TERRA G\u00e9om\u00e8tres-Experts","url":"http:\/\/www.terra.fr\/","logo":{"@type":"ImageObject","inLanguage":"fr-FR","@id":"http:\/\/www.terra.fr\/#\/schema\/logo\/image\/","url":"https:\/\/www.terra.fr\/wp-content\/uploads\/2022\/11\/RVB_GE_signature_20CM.png","contentUrl":"https:\/\/www.terra.fr\/wp-content\/uploads\/2022\/11\/RVB_GE_signature_20CM.png","width":791,"height":578,"caption":"TERRA G\u00e9om\u00e8tres-Experts"},"image":{"@id":"http:\/\/www.terra.fr\/#\/schema\/logo\/image\/"}}]}},"_links":{"self":[{"href":"https:\/\/www.terra.fr\/index.php\/wp-json\/wp\/v2\/pages\/334","targetHints":{"allow":["GET"]}}],"collection":[{"href":"https:\/\/www.terra.fr\/index.php\/wp-json\/wp\/v2\/pages"}],"about":[{"href":"https:\/\/www.terra.fr\/index.php\/wp-json\/wp\/v2\/types\/page"}],"author":[{"embeddable":true,"href":"https:\/\/www.terra.fr\/index.php\/wp-json\/wp\/v2\/users\/2"}],"replies":[{"embeddable":true,"href":"https:\/\/www.terra.fr\/index.php\/wp-json\/wp\/v2\/comments?post=334"}],"version-history":[{"count":7,"href":"https:\/\/www.terra.fr\/index.php\/wp-json\/wp\/v2\/pages\/334\/revisions"}],"predecessor-version":[{"id":869,"href":"https:\/\/www.terra.fr\/index.php\/wp-json\/wp\/v2\/pages\/334\/revisions\/869"}],"wp:attachment":[{"href":"https:\/\/www.terra.fr\/index.php\/wp-json\/wp\/v2\/media?parent=334"}],"curies":[{"name":"wp","href":"https:\/\/api.w.org\/{rel}","templated":true}]}}