{"id":339,"date":"2023-11-28T14:49:36","date_gmt":"2023-11-28T13:49:36","guid":{"rendered":"https:\/\/www.terra.fr\/?page_id=339"},"modified":"2024-12-11T15:21:55","modified_gmt":"2024-12-11T14:21:55","slug":"topographie","status":"publish","type":"page","link":"https:\/\/www.terra.fr\/index.php\/topographie\/","title":{"rendered":"Topographie"},"content":{"rendered":"\t\t<div data-elementor-type=\"wp-page\" data-elementor-id=\"339\" class=\"elementor elementor-339\" data-elementor-post-type=\"page\">\n\t\t\t\t\t\t<section class=\"elementor-section elementor-top-section elementor-element elementor-element-7df32ef7 elementor-section-content-middle elementor-section-boxed elementor-section-height-default elementor-section-height-default\" data-id=\"7df32ef7\" data-element_type=\"section\">\n\t\t\t\t\t\t<div class=\"elementor-container elementor-column-gap-no\">\n\t\t\t\t\t<div class=\"elementor-column elementor-col-50 elementor-top-column elementor-element elementor-element-6cefaa40\" data-id=\"6cefaa40\" data-element_type=\"column\">\n\t\t\t<div class=\"elementor-widget-wrap elementor-element-populated\">\n\t\t\t\t\t\t<div class=\"elementor-element elementor-element-9b137f9 elementor-widget-divider--view-line elementor-widget elementor-widget-divider\" data-id=\"9b137f9\" data-element_type=\"widget\" data-widget_type=\"divider.default\">\n\t\t\t\t<div class=\"elementor-widget-container\">\n\t\t\t\t\t<div class=\"elementor-divider\">\n\t\t\t<span class=\"elementor-divider-separator\">\n\t\t\t\t\t\t<\/span>\n\t\t<\/div>\n\t\t\t\t<\/div>\n\t\t\t\t<\/div>\n\t\t\t\t\t<\/div>\n\t\t<\/div>\n\t\t\t\t<div class=\"elementor-column elementor-col-50 elementor-top-column elementor-element elementor-element-9ece097\" data-id=\"9ece097\" data-element_type=\"column\">\n\t\t\t<div class=\"elementor-widget-wrap elementor-element-populated\">\n\t\t\t\t\t\t<div class=\"elementor-element elementor-element-8a5b3f9 elementor-widget elementor-widget-heading\" data-id=\"8a5b3f9\" data-element_type=\"widget\" data-widget_type=\"heading.default\">\n\t\t\t\t<div class=\"elementor-widget-container\">\n\t\t\t<h4 class=\"elementor-heading-title elementor-size-default\">Travaux topographiques<\/h4>\t\t<\/div>\n\t\t\t\t<\/div>\n\t\t\t\t<div class=\"elementor-element elementor-element-1edeec91 elementor-widget elementor-widget-text-editor\" data-id=\"1edeec91\" data-element_type=\"widget\" data-widget_type=\"text-editor.default\">\n\t\t\t\t<div class=\"elementor-widget-container\">\n\t\t\t\t\t\t\t<p>Nous disposons de plusieurs \u00e9quipes avec une solide exp\u00e9rience pour \u00e9laborer tout type de plan topographique, que ce soit pour votre futur projet de construction, un projet \u00e9olien ou photovolta\u00efque, un contr\u00f4le d\u2019ouvrage, un plan de fa\u00e7ade ou d\u2019h\u00e9berges, un r\u00e9colement de travaux, un piquetage de chantier et les implantations de b\u00e2timents tout en garantissant le respect des limites de propri\u00e9t\u00e9. Notre expertise englobe la repr\u00e9sentation pr\u00e9cise du relief du terrain ou des ouvrages, les r\u00e9seaux connexes ainsi que l\u2019analyse des donn\u00e9es fonci\u00e8res et juridiques essentielles pour la planification urbaine et la gestion des ressources.<\/p><div>\u00a0<\/div>\t\t\t\t\t\t<\/div>\n\t\t\t\t<\/div>\n\t\t\t\t\t<\/div>\n\t\t<\/div>\n\t\t\t\t\t<\/div>\n\t\t<\/section>\n\t\t\t\t<\/div>\n\t\t","protected":false},"excerpt":{"rendered":"<p>Travaux topographiques Nous disposons de plusieurs \u00e9quipes avec une solide exp\u00e9rience pour \u00e9laborer tout type de plan topographique, que ce soit pour votre futur projet de construction, un projet \u00e9olien ou photovolta\u00efque, un contr\u00f4le d\u2019ouvrage, un plan de fa\u00e7ade ou d\u2019h\u00e9berges, un r\u00e9colement de travaux, un piquetage de chantier et les implantations de b\u00e2timents tout [&hellip;]<\/p>\n","protected":false},"author":2,"featured_media":0,"parent":0,"menu_order":0,"comment_status":"closed","ping_status":"closed","template":"","meta":{"footnotes":""},"class_list":["post-339","page","type-page","status-publish","hentry"],"yoast_head":"<!-- This site is optimized with the Yoast SEO plugin v24.0 - https:\/\/yoast.com\/wordpress\/plugins\/seo\/ -->\n<title>Topographie - TERRA<\/title>\n<meta name=\"robots\" content=\"index, follow, max-snippet:-1, max-image-preview:large, max-video-preview:-1\" \/>\n<link rel=\"canonical\" href=\"https:\/\/www.terra.fr\/index.php\/topographie\/\" \/>\n<meta property=\"og:locale\" content=\"fr_FR\" \/>\n<meta property=\"og:type\" content=\"article\" \/>\n<meta property=\"og:title\" content=\"Topographie - TERRA\" \/>\n<meta property=\"og:description\" content=\"Travaux topographiques Nous disposons de plusieurs \u00e9quipes avec une solide exp\u00e9rience pour \u00e9laborer tout type de plan topographique, que ce soit pour votre futur projet de construction, un projet \u00e9olien ou photovolta\u00efque, un contr\u00f4le d\u2019ouvrage, un plan de fa\u00e7ade ou d\u2019h\u00e9berges, un r\u00e9colement de travaux, un piquetage de chantier et les implantations de b\u00e2timents tout [&hellip;]\" \/>\n<meta property=\"og:url\" content=\"https:\/\/www.terra.fr\/index.php\/topographie\/\" \/>\n<meta property=\"og:site_name\" content=\"TERRA\" \/>\n<meta property=\"article:modified_time\" content=\"2024-12-11T14:21:55+00:00\" \/>\n<meta name=\"twitter:card\" content=\"summary_large_image\" \/>\n<meta name=\"twitter:label1\" content=\"Dur\u00e9e de lecture estim\u00e9e\" \/>\n\t<meta name=\"twitter:data1\" content=\"1 minute\" \/>\n<script type=\"application\/ld+json\" class=\"yoast-schema-graph\">{\"@context\":\"https:\/\/schema.org\",\"@graph\":[{\"@type\":\"WebPage\",\"@id\":\"https:\/\/www.terra.fr\/index.php\/topographie\/\",\"url\":\"https:\/\/www.terra.fr\/index.php\/topographie\/\",\"name\":\"Topographie - TERRA\",\"isPartOf\":{\"@id\":\"http:\/\/www.terra.fr\/#website\"},\"datePublished\":\"2023-11-28T13:49:36+00:00\",\"dateModified\":\"2024-12-11T14:21:55+00:00\",\"breadcrumb\":{\"@id\":\"https:\/\/www.terra.fr\/index.php\/topographie\/#breadcrumb\"},\"inLanguage\":\"fr-FR\",\"potentialAction\":[{\"@type\":\"ReadAction\",\"target\":[\"https:\/\/www.terra.fr\/index.php\/topographie\/\"]}]},{\"@type\":\"BreadcrumbList\",\"@id\":\"https:\/\/www.terra.fr\/index.php\/topographie\/#breadcrumb\",\"itemListElement\":[{\"@type\":\"ListItem\",\"position\":1,\"name\":\"Accueil\",\"item\":\"http:\/\/www.terra.fr\/\"},{\"@type\":\"ListItem\",\"position\":2,\"name\":\"Topographie\"}]},{\"@type\":\"WebSite\",\"@id\":\"http:\/\/www.terra.fr\/#website\",\"url\":\"http:\/\/www.terra.fr\/\",\"name\":\"TERRA G\u00e9om\u00e8tres-Experts\",\"description\":\"\",\"publisher\":{\"@id\":\"http:\/\/www.terra.fr\/#organization\"},\"potentialAction\":[{\"@type\":\"SearchAction\",\"target\":{\"@type\":\"EntryPoint\",\"urlTemplate\":\"http:\/\/www.terra.fr\/?s={search_term_string}\"},\"query-input\":{\"@type\":\"PropertyValueSpecification\",\"valueRequired\":true,\"valueName\":\"search_term_string\"}}],\"inLanguage\":\"fr-FR\"},{\"@type\":\"Organization\",\"@id\":\"http:\/\/www.terra.fr\/#organization\",\"name\":\"TERRA G\u00e9om\u00e8tres-Experts\",\"url\":\"http:\/\/www.terra.fr\/\",\"logo\":{\"@type\":\"ImageObject\",\"inLanguage\":\"fr-FR\",\"@id\":\"http:\/\/www.terra.fr\/#\/schema\/logo\/image\/\",\"url\":\"https:\/\/www.terra.fr\/wp-content\/uploads\/2022\/11\/RVB_GE_signature_20CM.png\",\"contentUrl\":\"https:\/\/www.terra.fr\/wp-content\/uploads\/2022\/11\/RVB_GE_signature_20CM.png\",\"width\":791,\"height\":578,\"caption\":\"TERRA G\u00e9om\u00e8tres-Experts\"},\"image\":{\"@id\":\"http:\/\/www.terra.fr\/#\/schema\/logo\/image\/\"}}]}<\/script>\n<!-- \/ Yoast SEO plugin. -->","yoast_head_json":{"title":"Topographie - TERRA","robots":{"index":"index","follow":"follow","max-snippet":"max-snippet:-1","max-image-preview":"max-image-preview:large","max-video-preview":"max-video-preview:-1"},"canonical":"https:\/\/www.terra.fr\/index.php\/topographie\/","og_locale":"fr_FR","og_type":"article","og_title":"Topographie - TERRA","og_description":"Travaux topographiques Nous disposons de plusieurs \u00e9quipes avec une solide exp\u00e9rience pour \u00e9laborer tout type de plan topographique, que ce soit pour votre futur projet de construction, un projet \u00e9olien ou photovolta\u00efque, un contr\u00f4le d\u2019ouvrage, un plan de fa\u00e7ade ou d\u2019h\u00e9berges, un r\u00e9colement de travaux, un piquetage de chantier et les implantations de b\u00e2timents tout [&hellip;]","og_url":"https:\/\/www.terra.fr\/index.php\/topographie\/","og_site_name":"TERRA","article_modified_time":"2024-12-11T14:21:55+00:00","twitter_card":"summary_large_image","twitter_misc":{"Dur\u00e9e de lecture estim\u00e9e":"1 minute"},"schema":{"@context":"https:\/\/schema.org","@graph":[{"@type":"WebPage","@id":"https:\/\/www.terra.fr\/index.php\/topographie\/","url":"https:\/\/www.terra.fr\/index.php\/topographie\/","name":"Topographie - TERRA","isPartOf":{"@id":"http:\/\/www.terra.fr\/#website"},"datePublished":"2023-11-28T13:49:36+00:00","dateModified":"2024-12-11T14:21:55+00:00","breadcrumb":{"@id":"https:\/\/www.terra.fr\/index.php\/topographie\/#breadcrumb"},"inLanguage":"fr-FR","potentialAction":[{"@type":"ReadAction","target":["https:\/\/www.terra.fr\/index.php\/topographie\/"]}]},{"@type":"BreadcrumbList","@id":"https:\/\/www.terra.fr\/index.php\/topographie\/#breadcrumb","itemListElement":[{"@type":"ListItem","position":1,"name":"Accueil","item":"http:\/\/www.terra.fr\/"},{"@type":"ListItem","position":2,"name":"Topographie"}]},{"@type":"WebSite","@id":"http:\/\/www.terra.fr\/#website","url":"http:\/\/www.terra.fr\/","name":"TERRA G\u00e9om\u00e8tres-Experts","description":"","publisher":{"@id":"http:\/\/www.terra.fr\/#organization"},"potentialAction":[{"@type":"SearchAction","target":{"@type":"EntryPoint","urlTemplate":"http:\/\/www.terra.fr\/?s={search_term_string}"},"query-input":{"@type":"PropertyValueSpecification","valueRequired":true,"valueName":"search_term_string"}}],"inLanguage":"fr-FR"},{"@type":"Organization","@id":"http:\/\/www.terra.fr\/#organization","name":"TERRA G\u00e9om\u00e8tres-Experts","url":"http:\/\/www.terra.fr\/","logo":{"@type":"ImageObject","inLanguage":"fr-FR","@id":"http:\/\/www.terra.fr\/#\/schema\/logo\/image\/","url":"https:\/\/www.terra.fr\/wp-content\/uploads\/2022\/11\/RVB_GE_signature_20CM.png","contentUrl":"https:\/\/www.terra.fr\/wp-content\/uploads\/2022\/11\/RVB_GE_signature_20CM.png","width":791,"height":578,"caption":"TERRA G\u00e9om\u00e8tres-Experts"},"image":{"@id":"http:\/\/www.terra.fr\/#\/schema\/logo\/image\/"}}]}},"_links":{"self":[{"href":"https:\/\/www.terra.fr\/index.php\/wp-json\/wp\/v2\/pages\/339","targetHints":{"allow":["GET"]}}],"collection":[{"href":"https:\/\/www.terra.fr\/index.php\/wp-json\/wp\/v2\/pages"}],"about":[{"href":"https:\/\/www.terra.fr\/index.php\/wp-json\/wp\/v2\/types\/page"}],"author":[{"embeddable":true,"href":"https:\/\/www.terra.fr\/index.php\/wp-json\/wp\/v2\/users\/2"}],"replies":[{"embeddable":true,"href":"https:\/\/www.terra.fr\/index.php\/wp-json\/wp\/v2\/comments?post=339"}],"version-history":[{"count":7,"href":"https:\/\/www.terra.fr\/index.php\/wp-json\/wp\/v2\/pages\/339\/revisions"}],"predecessor-version":[{"id":873,"href":"https:\/\/www.terra.fr\/index.php\/wp-json\/wp\/v2\/pages\/339\/revisions\/873"}],"wp:attachment":[{"href":"https:\/\/www.terra.fr\/index.php\/wp-json\/wp\/v2\/media?parent=339"}],"curies":[{"name":"wp","href":"https:\/\/api.w.org\/{rel}","templated":true}]}}